{"id":1008,"date":"2013-04-15T14:25:34","date_gmt":"2013-04-15T14:25:34","guid":{"rendered":"http:\/\/www.datalexis.it\/wp\/ValoreLavoro\/?page_id=1008"},"modified":"2022-03-15T13:01:35","modified_gmt":"2022-03-15T12:01:35","slug":"chi-siamo","status":"publish","type":"page","link":"https:\/\/valorelavoro-cert.cloud\/index.php\/chi-siamo\/","title":{"rendered":"Chi siamo"},"content":{"rendered":"<p align=\"justify\">\u201cValore Lavoro\u201d \u00e8 un\u2019associazione culturale che fonda il suo pensiero sul lavoro come fattore di sviluppo del Paese.<\/p>\n<p align=\"justify\">In uno scenario economico e sociale fortemente condizionato dallo sviluppo globale e dalla crisi finanziaria dello Stato riteniamo sia fondamentale costruire relazioni pi\u00f9 efficaci e solidali tra sviluppo e lavoro, tra imprese e persone: ci\u00f2 sar\u00e0 possibile partendo da un sistema di valori condiviso e fondato sui principi di libert\u00e0, capacit\u00e0, responsabilit\u00e0, equit\u00e0, uguaglianza e solidariet\u00e0.<\/p>\n<p align=\"justify\">\u201cValore Lavoro\u201d \u00e8 il luogo dove noi vogliamo far vivere il valore del lavoro, il confronto e lo scambio tra le persone attraverso un viaggio nelle idee , nei progetti di vita lavorativa e professionale.<\/p>\n<p align=\"justify\">L\u2019assunto fondamentale dell\u2019Associazione \u00e8 L Art. 1. della Costituzione: \u201cL&#8217;Italia \u00e8 una Repubblica democratica, fondata sul lavoro\u2026\u201d e per questo vorremmo contribuire ad interpretare ed esprimere con passione civile e con sguardo al futuro il mondo del lavoro e delle professioni. Crediamo che \u201cValore Lavoro\u201d debba essere capace di rapportarsi con il lavoro per come \u00e8 oggi: Dipendente, Autonomo, Collaborazioni, Professionale, il lavoro che si fa impresa: il \u201cmestiere dell\u2019imprenditore\u201d, lavoro di riproduzione e di cura, sia esso remunerato e non.<\/p>\n<p align=\"justify\">Nel 2022 abbiamo aderito alla rete associativa nazionale FITeL, organizzazione di secondo livello promossa da CGIL CISL e UIL.<\/p>\n","protected":false},"excerpt":{"rendered":"<p>\u201cValore Lavoro\u201d \u00e8 un\u2019associazione culturale che fonda il suo pensiero sul lavoro come fattore di<\/p>\n","protected":false},"author":1,"featured_media":0,"parent":0,"menu_order":0,"comment_status":"open","ping_status":"open","template":"","meta":{"footnotes":""},"class_list":["post-1008","page","type-page","status-publish","hentry"],"_links":{"self":[{"href":"https:\/\/valorelavoro-cert.cloud\/index.php\/wp-json\/wp\/v2\/pages\/1008","targetHints":{"allow":["GET"]}}],"collection":[{"href":"https:\/\/valorelavoro-cert.cloud\/index.php\/wp-json\/wp\/v2\/pages"}],"about":[{"href":"https:\/\/valorelavoro-cert.cloud\/index.php\/wp-json\/wp\/v2\/types\/page"}],"author":[{"embeddable":true,"href":"https:\/\/valorelavoro-cert.cloud\/index.php\/wp-json\/wp\/v2\/users\/1"}],"replies":[{"embeddable":true,"href":"https:\/\/valorelavoro-cert.cloud\/index.php\/wp-json\/wp\/v2\/comments?post=1008"}],"version-history":[{"count":6,"href":"https:\/\/valorelavoro-cert.cloud\/index.php\/wp-json\/wp\/v2\/pages\/1008\/revisions"}],"predecessor-version":[{"id":41825,"href":"https:\/\/valorelavoro-cert.cloud\/index.php\/wp-json\/wp\/v2\/pages\/1008\/revisions\/41825"}],"wp:attachment":[{"href":"https:\/\/valorelavoro-cert.cloud\/index.php\/wp-json\/wp\/v2\/media?parent=1008"}],"curies":[{"name":"wp","href":"https:\/\/api.w.org\/{rel}","templated":true}]}}